{"id":2302,"date":"2023-03-10T09:05:16","date_gmt":"2023-03-10T09:05:16","guid":{"rendered":"https:\/\/staging.scalyst.com\/?page_id=2302"},"modified":"2025-03-03T14:34:57","modified_gmt":"2025-03-03T14:34:57","slug":"impressum","status":"publish","type":"page","link":"https:\/\/scalyst.com\/en\/impressum\/","title":{"rendered":"Impressum"},"content":{"rendered":"<div data-elementor-type=\"wp-page\" data-elementor-id=\"2302\" class=\"elementor elementor-2302\" data-elementor-post-type=\"page\">\n\t\t\t\t\t\t<section class=\"elementor-section elementor-top-section elementor-element elementor-element-5372bc2 elementor-section-height-min-height elementor-section-boxed elementor-section-height-default elementor-section-items-middle\" data-id=\"5372bc2\" data-element_type=\"section\" data-settings=\"{&quot;jet_parallax_layout_list&quot;:[{&quot;_id&quot;:&quot;c0efbe1&quot;,&quot;jet_parallax_layout_image&quot;:{&quot;url&quot;:&quot;&quot;,&quot;id&quot;:&quot;&quot;,&quot;size&quot;:&quot;&quot;},&quot;jet_parallax_layout_image_tablet&quot;:{&quot;url&quot;:&quot;&quot;,&quot;id&quot;:&quot;&quot;,&quot;size&quot;:&quot;&quot;},&quot;jet_parallax_layout_image_mobile&quot;:{&quot;url&quot;:&quot;&quot;,&quot;id&quot;:&quot;&quot;,&quot;size&quot;:&quot;&quot;},&quot;jet_parallax_layout_speed&quot;:{&quot;unit&quot;:&quot;%&quot;,&quot;size&quot;:50,&quot;sizes&quot;:[]},&quot;jet_parallax_layout_type&quot;:&quot;scroll&quot;,&quot;jet_parallax_layout_direction&quot;:null,&quot;jet_parallax_layout_fx_direction&quot;:null,&quot;jet_parallax_layout_z_index&quot;:&quot;&quot;,&quot;jet_parallax_layout_bg_x&quot;:50,&quot;jet_parallax_layout_bg_x_tablet&quot;:&quot;&quot;,&quot;jet_parallax_layout_bg_x_mobile&quot;:&quot;&quot;,&quot;jet_parallax_layout_bg_y&quot;:50,&quot;jet_parallax_layout_bg_y_tablet&quot;:&quot;&quot;,&quot;jet_parallax_layout_bg_y_mobile&quot;:&quot;&quot;,&quot;jet_parallax_layout_bg_size&quot;:&quot;auto&quot;,&quot;jet_parallax_layout_bg_size_tablet&quot;:&quot;&quot;,&quot;jet_parallax_layout_bg_size_mobile&quot;:&quot;&quot;,&quot;jet_parallax_layout_animation_prop&quot;:&quot;transform&quot;,&quot;jet_parallax_layout_on&quot;:[&quot;desktop&quot;,&quot;tablet&quot;]}],&quot;background_background&quot;:&quot;classic&quot;}\">\n\t\t\t\t\t\t<div class=\"elementor-container elementor-column-gap-default\">\n\t\t\t\t\t<div class=\"elementor-column elementor-col-100 elementor-top-column elementor-element elementor-element-15a24db\" data-id=\"15a24db\" data-element_type=\"column\">\n\t\t\t<div class=\"elementor-widget-wrap elementor-element-populated\">\n\t\t\t\t\t\t<div class=\"elementor-element elementor-element-1546025 elementor-widget elementor-widget-heading\" data-id=\"1546025\" data-element_type=\"widget\" data-widget_type=\"heading.default\">\n\t\t\t\t<div class=\"elementor-widget-container\">\n\t\t\t<style>\/*! elementor - v3.19.0 - 28-02-2024 *\/\n.elementor-heading-title{padding:0;margin:0;line-height:1}.elementor-widget-heading .elementor-heading-title[class*=elementor-size-]>a{color:inherit;font-size:inherit;line-height:inherit}.elementor-widget-heading .elementor-heading-title.elementor-size-small{font-size:15px}.elementor-widget-heading .elementor-heading-title.elementor-size-medium{font-size:19px}.elementor-widget-heading .elementor-heading-title.elementor-size-large{font-size:29px}.elementor-widget-heading .elementor-heading-title.elementor-size-xl{font-size:39px}.elementor-widget-heading .elementor-heading-title.elementor-size-xxl{font-size:59px}<\/style><h2 class=\"elementor-heading-title elementor-size-default\">Impressum<\/h2>\t\t<\/div>\n\t\t\t\t<\/div>\n\t\t\t\t<div class=\"elementor-element elementor-element-61c6441 elementor-widget elementor-widget-text-editor\" data-id=\"61c6441\" data-element_type=\"widget\" data-widget_type=\"text-editor.default\">\n\t\t\t\t<div class=\"elementor-widget-container\">\n\t\t\t<style>\/*! elementor - v3.19.0 - 28-02-2024 *\/\n.elementor-widget-text-editor.elementor-drop-cap-view-stacked .elementor-drop-cap{background-color:#69727d;color:#fff}.elementor-widget-text-editor.elementor-drop-cap-view-framed .elementor-drop-cap{color:#69727d;border:3px solid;background-color:transparent}.elementor-widget-text-editor:not(.elementor-drop-cap-view-default) .elementor-drop-cap{margin-top:8px}.elementor-widget-text-editor:not(.elementor-drop-cap-view-default) .elementor-drop-cap-letter{width:1em;height:1em}.elementor-widget-text-editor .elementor-drop-cap{float:left;text-align:center;line-height:1;font-size:50px}.elementor-widget-text-editor .elementor-drop-cap-letter{display:inline-block}<\/style>\t\t\t\t<p><strong>Angaben gem\u00e4\u00df \u00a7 5 TMG<\/strong><br>scalyst GmbH<br>Hauptstra\u00dfe 1 a<br>92361 Berngau<br>Germany<\/p>\n<p><strong>Kontakt:<\/strong><br>Telefon: <span style=\"color: #000000;\"><a style=\"color: #000000;\" href=\"tel: 49 9179 9440-0\">+49 151 55051124<\/a><\/span><br>E-Mail: info<span style=\"color: #000000;\"><a style=\"color: #000000;\" href=\"mailto:contact@scalyst.com\">@scalyst.com<\/a><\/span><\/p>\n<p><strong>Registereintrag<\/strong><br>Registergericht N\u00fcrnberg HRB 43325<\/p>\n<p><strong>Vertreten durch den Gesch\u00e4ftsf\u00fchrer:<\/strong><br>Martin De\u00df<\/p>\n<p><strong>Umsatzsteuer-Identifikationsnummer:<\/strong><br>gem. \u00a7 27a UStG: DE320925493<\/p>\n<p><strong>Gemafreie kostenlose Musik:<\/strong><br>Northern Lights von&nbsp;<a href=\"https:\/\/www.frametraxx.de\">Frametraxx<\/a><\/p>\t\t\t\t\t\t<\/div>\n\t\t\t\t<\/div>\n\t\t\t\t\t<\/div>\n\t\t<\/div>\n\t\t\t\t\t<\/div>\n\t\t<\/section>\n\t\t\t\t<\/div>","protected":false},"excerpt":{"rendered":"<p>Impressum Angaben gem\u00e4\u00df \u00a7 5 TMGscalyst GmbHHauptstra\u00dfe 1 a92361 BerngauGermany Kontakt:Telefon: +49 151 55051124E-Mail: info@scalyst.com RegistereintragRegistergericht N\u00fcrnberg HRB 43325 Vertreten durch den Gesch\u00e4ftsf\u00fchrer:Martin De\u00df Umsatzsteuer-Identifikationsnummer:gem. \u00a7 27a UStG: DE320925493 Gemafreie kostenlose Musik:Northern Lights von&nbsp;Frametraxx<\/p>","protected":false},"author":2,"featured_media":2949,"parent":0,"menu_order":0,"comment_status":"closed","ping_status":"closed","template":"full-width.php","meta":{"_acf_changed":false,"footnotes":""},"class_list":["post-2302","page","type-page","status-publish","has-post-thumbnail","hentry"],"acf":[],"yoast_head":"<!-- This site is optimized with the Yoast SEO plugin v22.1 - https:\/\/yoast.com\/wordpress\/plugins\/seo\/ -->\n<title>Impressum<\/title>\n<meta name=\"robots\" content=\"index, follow, max-snippet:-1, max-image-preview:large, max-video-preview:-1\" \/>\n<link rel=\"canonical\" href=\"https:\/\/scalyst.com\/en\/impressum\/\" \/>\n<meta property=\"og:locale\" content=\"en_US\" \/>\n<meta property=\"og:type\" content=\"article\" \/>\n<meta property=\"og:title\" content=\"Impressum\" \/>\n<meta property=\"og:description\" content=\"Impressum Angaben gem\u00e4\u00df \u00a7 5 TMGscalyst GmbHHauptstra\u00dfe 1 a92361 BerngauGermany Kontakt:Telefon: +49 151 55051124E-Mail: info@scalyst.com RegistereintragRegistergericht N\u00fcrnberg HRB 43325 Vertreten durch den Gesch\u00e4ftsf\u00fchrer:Martin De\u00df Umsatzsteuer-Identifikationsnummer:gem. \u00a7 27a UStG: DE320925493 Gemafreie kostenlose Musik:Northern Lights von&nbsp;Frametraxx\" \/>\n<meta property=\"og:url\" content=\"https:\/\/scalyst.com\/en\/impressum\/\" \/>\n<meta property=\"og:site_name\" content=\"scalyst GmbH\" \/>\n<meta property=\"article:modified_time\" content=\"2025-03-03T14:34:57+00:00\" \/>\n<meta property=\"og:image\" content=\"https:\/\/scalyst.com\/wp-content\/uploads\/2023\/03\/cropped-favicon.png\" \/>\n\t<meta property=\"og:image:width\" content=\"512\" \/>\n\t<meta property=\"og:image:height\" content=\"512\" \/>\n\t<meta property=\"og:image:type\" content=\"image\/png\" \/>\n<meta name=\"twitter:card\" content=\"summary_large_image\" \/>\n<meta name=\"twitter:label1\" content=\"Est. reading time\" \/>\n\t<meta name=\"twitter:data1\" content=\"1 minute\" \/>\n<script type=\"application\/ld+json\" class=\"yoast-schema-graph\">{\"@context\":\"https:\/\/schema.org\",\"@graph\":[{\"@type\":\"WebPage\",\"@id\":\"https:\/\/scalyst.com\/impressum\/\",\"url\":\"https:\/\/scalyst.com\/impressum\/\",\"name\":\"Impressum\",\"isPartOf\":{\"@id\":\"https:\/\/scalyst.com\/#website\"},\"datePublished\":\"2023-03-10T09:05:16+00:00\",\"dateModified\":\"2025-03-03T14:34:57+00:00\",\"breadcrumb\":{\"@id\":\"https:\/\/scalyst.com\/impressum\/#breadcrumb\"},\"inLanguage\":\"en-US\",\"potentialAction\":[{\"@type\":\"ReadAction\",\"target\":[\"https:\/\/scalyst.com\/impressum\/\"]}]},{\"@type\":\"BreadcrumbList\",\"@id\":\"https:\/\/scalyst.com\/impressum\/#breadcrumb\",\"itemListElement\":[{\"@type\":\"ListItem\",\"position\":1,\"name\":\"Startseite\",\"item\":\"https:\/\/scalyst.com\/\"},{\"@type\":\"ListItem\",\"position\":2,\"name\":\"Impressum\"}]},{\"@type\":\"WebSite\",\"@id\":\"https:\/\/scalyst.com\/#website\",\"url\":\"https:\/\/scalyst.com\/\",\"name\":\"scalyst GmbH\",\"description\":\"Game Changers\",\"publisher\":{\"@id\":\"https:\/\/scalyst.com\/#organization\"},\"potentialAction\":[{\"@type\":\"SearchAction\",\"target\":{\"@type\":\"EntryPoint\",\"urlTemplate\":\"https:\/\/scalyst.com\/?s={search_term_string}\"},\"query-input\":\"required name=search_term_string\"}],\"inLanguage\":\"en-US\"},{\"@type\":\"Organization\",\"@id\":\"https:\/\/scalyst.com\/#organization\",\"name\":\"scalyst AG\",\"url\":\"https:\/\/scalyst.com\/\",\"logo\":{\"@type\":\"ImageObject\",\"inLanguage\":\"en-US\",\"@id\":\"https:\/\/scalyst.com\/#\/schema\/logo\/image\/\",\"url\":\"https:\/\/scalyst.com\/wp-content\/uploads\/2023\/02\/Scalyst_black-1.png\",\"contentUrl\":\"https:\/\/scalyst.com\/wp-content\/uploads\/2023\/02\/Scalyst_black-1.png\",\"width\":587,\"height\":475,\"caption\":\"scalyst AG\"},\"image\":{\"@id\":\"https:\/\/scalyst.com\/#\/schema\/logo\/image\/\"}}]}<\/script>\n<!-- \/ Yoast SEO plugin. -->","yoast_head_json":{"title":"Impressum","robots":{"index":"index","follow":"follow","max-snippet":"max-snippet:-1","max-image-preview":"max-image-preview:large","max-video-preview":"max-video-preview:-1"},"canonical":"https:\/\/scalyst.com\/en\/impressum\/","og_locale":"en_US","og_type":"article","og_title":"Impressum","og_description":"Impressum Angaben gem\u00e4\u00df \u00a7 5 TMGscalyst GmbHHauptstra\u00dfe 1 a92361 BerngauGermany Kontakt:Telefon: +49 151 55051124E-Mail: info@scalyst.com RegistereintragRegistergericht N\u00fcrnberg HRB 43325 Vertreten durch den Gesch\u00e4ftsf\u00fchrer:Martin De\u00df Umsatzsteuer-Identifikationsnummer:gem. \u00a7 27a UStG: DE320925493 Gemafreie kostenlose Musik:Northern Lights von&nbsp;Frametraxx","og_url":"https:\/\/scalyst.com\/en\/impressum\/","og_site_name":"scalyst GmbH","article_modified_time":"2025-03-03T14:34:57+00:00","og_image":[{"width":512,"height":512,"url":"https:\/\/scalyst.com\/wp-content\/uploads\/2023\/03\/cropped-favicon.png","type":"image\/png"}],"twitter_card":"summary_large_image","twitter_misc":{"Est. reading time":"1 minute"},"schema":{"@context":"https:\/\/schema.org","@graph":[{"@type":"WebPage","@id":"https:\/\/scalyst.com\/impressum\/","url":"https:\/\/scalyst.com\/impressum\/","name":"Impressum","isPartOf":{"@id":"https:\/\/scalyst.com\/#website"},"datePublished":"2023-03-10T09:05:16+00:00","dateModified":"2025-03-03T14:34:57+00:00","breadcrumb":{"@id":"https:\/\/scalyst.com\/impressum\/#breadcrumb"},"inLanguage":"en-US","potentialAction":[{"@type":"ReadAction","target":["https:\/\/scalyst.com\/impressum\/"]}]},{"@type":"BreadcrumbList","@id":"https:\/\/scalyst.com\/impressum\/#breadcrumb","itemListElement":[{"@type":"ListItem","position":1,"name":"Startseite","item":"https:\/\/scalyst.com\/"},{"@type":"ListItem","position":2,"name":"Impressum"}]},{"@type":"WebSite","@id":"https:\/\/scalyst.com\/#website","url":"https:\/\/scalyst.com\/","name":"scalyst GmbH","description":"Game Changers","publisher":{"@id":"https:\/\/scalyst.com\/#organization"},"potentialAction":[{"@type":"SearchAction","target":{"@type":"EntryPoint","urlTemplate":"https:\/\/scalyst.com\/?s={search_term_string}"},"query-input":"required name=search_term_string"}],"inLanguage":"en-US"},{"@type":"Organization","@id":"https:\/\/scalyst.com\/#organization","name":"scalyst AG","url":"https:\/\/scalyst.com\/","logo":{"@type":"ImageObject","inLanguage":"en-US","@id":"https:\/\/scalyst.com\/#\/schema\/logo\/image\/","url":"https:\/\/scalyst.com\/wp-content\/uploads\/2023\/02\/Scalyst_black-1.png","contentUrl":"https:\/\/scalyst.com\/wp-content\/uploads\/2023\/02\/Scalyst_black-1.png","width":587,"height":475,"caption":"scalyst AG"},"image":{"@id":"https:\/\/scalyst.com\/#\/schema\/logo\/image\/"}}]}},"_links":{"self":[{"href":"https:\/\/scalyst.com\/en\/wp-json\/wp\/v2\/pages\/2302","targetHints":{"allow":["GET"]}}],"collection":[{"href":"https:\/\/scalyst.com\/en\/wp-json\/wp\/v2\/pages"}],"about":[{"href":"https:\/\/scalyst.com\/en\/wp-json\/wp\/v2\/types\/page"}],"author":[{"embeddable":true,"href":"https:\/\/scalyst.com\/en\/wp-json\/wp\/v2\/users\/2"}],"replies":[{"embeddable":true,"href":"https:\/\/scalyst.com\/en\/wp-json\/wp\/v2\/comments?post=2302"}],"version-history":[{"count":69,"href":"https:\/\/scalyst.com\/en\/wp-json\/wp\/v2\/pages\/2302\/revisions"}],"predecessor-version":[{"id":4097,"href":"https:\/\/scalyst.com\/en\/wp-json\/wp\/v2\/pages\/2302\/revisions\/4097"}],"wp:featuredmedia":[{"embeddable":true,"href":"https:\/\/scalyst.com\/en\/wp-json\/wp\/v2\/media\/2949"}],"wp:attachment":[{"href":"https:\/\/scalyst.com\/en\/wp-json\/wp\/v2\/media?parent=2302"}],"curies":[{"name":"wp","href":"https:\/\/api.w.org\/{rel}","templated":true}]}}